{"id":20,"date":"2025-12-02T11:10:56","date_gmt":"2025-12-02T11:10:56","guid":{"rendered":"https:\/\/onbet.plus\/?page_id=20"},"modified":"2025-12-02T11:17:17","modified_gmt":"2025-12-02T11:17:17","slug":"trang-chu-onbet","status":"publish","type":"page","link":"https:\/\/onbet.plus\/","title":{"rendered":"TRANG CH\u1ee6 ONBET"},"content":{"rendered":"\t<div class=\"img has-hover x md-x lg-x y md-y lg-y\" id=\"image_182673195\">\n\t\t\t\t\t\t\t\t<div class=\"img-inner dark\" >\n\t\t\t<img loading=\"lazy\" decoding=\"async\" width=\"1020\" height=\"292\" src=\"https:\/\/onbet.plus\/wp-content\/uploads\/2025\/12\/Artboard-1-copy-5-1024x293.webp\" class=\"attachment-large size-large\" alt=\"\" srcset=\"https:\/\/onbet.plus\/wp-content\/uploads\/2025\/12\/Artboard-1-copy-5-1024x293.webp 1024w, https:\/\/onbet.plus\/wp-content\/uploads\/2025\/12\/Artboard-1-copy-5-300x86.webp 300w, https:\/\/onbet.plus\/wp-content\/uploads\/2025\/12\/Artboard-1-copy-5-768x220.webp 768w, https:\/\/onbet.plus\/wp-content\/uploads\/2025\/12\/Artboard-1-copy-5-1536x440.webp 1536w, https:\/\/onbet.plus\/wp-content\/uploads\/2025\/12\/Artboard-1-copy-5.webp 1920w\" sizes=\"auto, (max-width: 1020px) 100vw, 1020px\" title=\"\">\t\t\t\t\t\t\n\t\t\t\t\t<\/div>\n\t\t\t\t\t\t\t\t\n<style>\n#image_182673195 {\n  width: 100%;\n}\n<\/style>\n\t<\/div>\n\t\n<div class=\"container section-title-container\" style=\"margin-top:35px;\"><h1 class=\"section-title section-title-center\"><b><\/b><span class=\"section-title-main\" style=\"font-size:undefined%;\">ONBET | Trang C\u00e1 C\u01b0\u1ee3c Casino ONBET Game B\u00e0i Quay H\u0169 Uy T\u00edn<\/span><b><\/b><\/h1><\/div>\n<div class=\"row align-center\"  id=\"row-988061565\">\n\n\t<div id=\"col-2118890777\" class=\"col small-12 large-12\"  >\n\t\t\t\t<div class=\"col-inner text-center\"  >\n\t\t\t\n\t\t\t\n[ux_product_categories style=&#8221;overlay&#8221; type=&#8221;grid&#8221; grid=&#8221;8&#8243; grid_height=&#8221;300px&#8221; depth=&#8221;1&#8243; depth_hover=&#8221;4&#8243; number=&#8221;7&#8243; text_pos=&#8221;middle&#8221; text_size=&#8221;large&#8221;]\n\t\t<\/div>\n\t\t\t\t\t<\/div>\n\n\t\n<\/div>\n<div class=\"container section-title-container\" ><h3 class=\"section-title section-title-bold-center\"><b><\/b><span class=\"section-title-main\" style=\"font-size:undefined%;\">Latest news<\/span><b><\/b><\/h3><\/div>\n\n  \n    <div class=\"row large-columns-4 medium-columns-3 small-columns-1 has-shadow row-box-shadow-1 row-box-shadow-4-hover slider row-slider slider-nav-reveal slider-nav-push\"  data-flickity-options='{\"imagesLoaded\": true, \"groupCells\": \"100%\", \"dragThreshold\" : 5, \"cellAlign\": \"left\",\"wrapAround\": true,\"prevNextButtons\": true,\"percentPosition\": true,\"pageDots\": false, \"rightToLeft\": false, \"autoPlay\" : false}' >\n\n  <div class=\"col post-item\" >\n\t\t\t<div class=\"col-inner\">\n\t\t\t\t<div class=\"box box-text-bottom box-blog-post has-hover\">\n          \t\t\t\t\t<div class=\"box-text text-center\" >\n\t\t\t\t\t<div class=\"box-text-inner blog-post-inner\">\n\n\t\t\t\t\t\n\t\t\t\t\t\t\t\t\t\t<h5 class=\"post-title is-large \">\n\t\t\t\t\t\t<a href=\"https:\/\/onbet.plus\/?p=1\" class=\"plain\">Ch\u00e0o t\u1ea5t c\u1ea3 m\u1ecdi ng\u01b0\u1eddi!<\/a>\n\t\t\t\t\t<\/h5>\n\t\t\t\t\t<div class=\"post-meta is-small op-8\">16 Th\u00e1ng 10, 2025<\/div>\t\t\t\t\t<div class=\"is-divider\"><\/div>\n\t\t\t\t\t\t\t\t\t\t<p class=\"from_the_blog_excerpt \">\n\t\t\t\t\t\tC\u1ea3m \u01a1n v\u00ec \u0111\u00e3 s\u1eed d\u1ee5ng WordPress. \u0110\u00e2y l\u00e0 b\u00e0i vi\u1ebft \u0111\u1ea7u ti\u00ean c\u1ee7a b\u1ea1n. [...]\t\t\t\t\t<\/p>\n\t\t\t\t\t                                            <p class=\"from_the_blog_comments uppercase is-xsmall\">\n                            1 C\u00e1c b\u00ecnh lu\u1eadn                        <\/p>\n                    \n\t\t\t\t\t\n\t\t\t\t\t\n\t\t\t\t\t<\/div>\n\t\t\t\t\t<\/div>\n\t\t\t\t\t\t\t\t\t<\/div>\n\t\t\t<\/div>\n\t\t<\/div><\/div>\n","protected":false},"excerpt":{"rendered":"","protected":false},"author":1,"featured_media":0,"parent":0,"menu_order":0,"comment_status":"closed","ping_status":"closed","template":"page-blank.php","meta":{"footnotes":""},"class_list":["post-20","page","type-page","status-publish","hentry"],"_links":{"self":[{"href":"https:\/\/onbet.plus\/index.php?rest_route=\/wp\/v2\/pages\/20","targetHints":{"allow":["GET"]}}],"collection":[{"href":"https:\/\/onbet.plus\/index.php?rest_route=\/wp\/v2\/pages"}],"about":[{"href":"https:\/\/onbet.plus\/index.php?rest_route=\/wp\/v2\/types\/page"}],"author":[{"embeddable":true,"href":"https:\/\/onbet.plus\/index.php?rest_route=\/wp\/v2\/users\/1"}],"replies":[{"embeddable":true,"href":"https:\/\/onbet.plus\/index.php?rest_route=%2Fwp%2Fv2%2Fcomments&post=20"}],"version-history":[{"count":2,"href":"https:\/\/onbet.plus\/index.php?rest_route=\/wp\/v2\/pages\/20\/revisions"}],"predecessor-version":[{"id":26,"href":"https:\/\/onbet.plus\/index.php?rest_route=\/wp\/v2\/pages\/20\/revisions\/26"}],"wp:attachment":[{"href":"https:\/\/onbet.plus\/index.php?rest_route=%2Fwp%2Fv2%2Fmedia&parent=20"}],"curies":[{"name":"wp","href":"https:\/\/api.w.org\/{rel}","templated":true}]}}